{"id":993,"date":"2024-10-15T11:51:20","date_gmt":"2024-10-15T11:51:20","guid":{"rendered":"https:\/\/282comunicacao.com.br\/?page_id=993"},"modified":"2024-10-16T16:36:28","modified_gmt":"2024-10-16T16:36:28","slug":"banco-de-talentos","status":"publish","type":"page","link":"https:\/\/282comunicacao.com.br\/index.php\/banco-de-talentos\/","title":{"rendered":"Banco de Talentos"},"content":{"rendered":"<style>.elementor-993 .elementor-element.elementor-element-12f8fea{--display:flex;--min-height:440px;--justify-content:center;--overlay-opacity:0.64;--padding-top:0px;--padding-bottom:0px;--padding-left:0px;--padding-right:0px;}.elementor-993 .elementor-element.elementor-element-12f8fea:not(.elementor-motion-effects-element-type-background), .elementor-993 .elementor-element.elementor-element-12f8fea > .elementor-motion-effects-container > .elementor-motion-effects-layer{background-image:url(\"https:\/\/282comunicacao.com.br\/wp-content\/uploads\/2024\/05\/people-working-tech-brand-together-scaled.jpg\");background-position:0px -166px;background-repeat:no-repeat;background-size:cover;}.elementor-993 .elementor-element.elementor-element-12f8fea::before, .elementor-993 .elementor-element.elementor-element-12f8fea > .elementor-background-video-container::before, .elementor-993 .elementor-element.elementor-element-12f8fea > .e-con-inner > .elementor-background-video-container::before, .elementor-993 .elementor-element.elementor-element-12f8fea > .elementor-background-slideshow::before, .elementor-993 .elementor-element.elementor-element-12f8fea > .e-con-inner > .elementor-background-slideshow::before, .elementor-993 .elementor-element.elementor-element-12f8fea > .elementor-motion-effects-container > .elementor-motion-effects-layer::before{--background-overlay:'';background-color:#000000;}.elementor-993 .elementor-element.elementor-element-7b3f662 .elementor-heading-title{font-family:\"Montserrat\", Sans-serif;font-size:50px;font-weight:700;text-transform:uppercase;color:#FFFFFF;}.elementor-993 .elementor-element.elementor-element-7b3f662 > .elementor-widget-container{padding:0em 0em 0em 16em;}.elementor-993 .elementor-element.elementor-element-c9b9bae{--display:flex;}.elementor-993 .elementor-element.elementor-element-3e43646{--spacer-size:30px;}.elementor-993 .elementor-element.elementor-element-f762f28{--display:flex;--flex-direction:row;--container-widget-width:initial;--container-widget-height:100%;--container-widget-flex-grow:1;--container-widget-align-self:stretch;--flex-wrap-mobile:wrap;--gap:0px 0px;--row-gap:0px;--column-gap:0px;}.elementor-993 .elementor-element.elementor-element-fdf73b5{--display:flex;--flex-direction:column;--container-widget-width:100%;--container-widget-height:initial;--container-widget-flex-grow:0;--container-widget-align-self:initial;--flex-wrap-mobile:wrap;}.elementor-993 .elementor-element.elementor-element-7848a77{text-align:center;}.elementor-993 .elementor-element.elementor-element-7848a77 .elementor-heading-title{font-family:\"Montserrat\", Sans-serif;font-size:25px;font-weight:600;text-transform:uppercase;color:#000000;}.elementor-993 .elementor-element.elementor-element-7848a77 > .elementor-widget-container{margin:0px 0px -25px 0px;}.elementor-993 .elementor-element.elementor-element-f8aa3be{text-align:center;}.elementor-993 .elementor-element.elementor-element-f8aa3be .elementor-heading-title{font-family:\"Montserrat\", Sans-serif;font-size:40px;font-weight:600;text-transform:uppercase;color:#000000;}.elementor-993 .elementor-element.elementor-element-f8aa3be > .elementor-widget-container{margin:0px 0px -15px 0px;}.elementor-993 .elementor-element.elementor-element-d5339f8{text-align:center;font-family:\"Montserrat\", Sans-serif;font-weight:400;color:#000000;}.elementor-993 .elementor-element.elementor-element-8cf229e .elementor-field-group{padding-right:calc( 10px\/2 );padding-left:calc( 10px\/2 );margin-bottom:10px;}.elementor-993 .elementor-element.elementor-element-8cf229e .elementor-form-fields-wrapper{margin-left:calc( -10px\/2 );margin-right:calc( -10px\/2 );margin-bottom:-10px;}.elementor-993 .elementor-element.elementor-element-8cf229e .elementor-field-group.recaptcha_v3-bottomleft, .elementor-993 .elementor-element.elementor-element-8cf229e .elementor-field-group.recaptcha_v3-bottomright{margin-bottom:0;}body.rtl .elementor-993 .elementor-element.elementor-element-8cf229e .elementor-labels-inline .elementor-field-group > label{padding-left:0px;}body:not(.rtl) .elementor-993 .elementor-element.elementor-element-8cf229e .elementor-labels-inline .elementor-field-group > label{padding-right:0px;}body .elementor-993 .elementor-element.elementor-element-8cf229e .elementor-labels-above .elementor-field-group > label{padding-bottom:0px;}.elementor-993 .elementor-element.elementor-element-8cf229e .elementor-field-group > label{font-family:\"Montserrat\", Sans-serif;font-weight:400;}.elementor-993 .elementor-element.elementor-element-8cf229e .elementor-field-type-html{padding-bottom:0px;}.elementor-993 .elementor-element.elementor-element-8cf229e .elementor-field-group .elementor-field, .elementor-993 .elementor-element.elementor-element-8cf229e .elementor-field-subgroup label{font-family:\"Montserrat\", Sans-serif;font-size:14px;font-weight:400;}.elementor-993 .elementor-element.elementor-element-8cf229e .elementor-field-group .elementor-field:not(.elementor-select-wrapper){background-color:#ffffff;border-radius:10px 10px 10px 10px;}.elementor-993 .elementor-element.elementor-element-8cf229e .elementor-field-group .elementor-select-wrapper select{background-color:#ffffff;border-radius:10px 10px 10px 10px;}.elementor-993 .elementor-element.elementor-element-8cf229e .e-form__buttons__wrapper__button-next{background-color:#7E2F88;color:#ffffff;}.elementor-993 .elementor-element.elementor-element-8cf229e .elementor-button[type=\"submit\"]{background-color:#7E2F88;color:#ffffff;}.elementor-993 .elementor-element.elementor-element-8cf229e .elementor-button[type=\"submit\"] svg *{fill:#ffffff;}.elementor-993 .elementor-element.elementor-element-8cf229e .e-form__buttons__wrapper__button-previous{color:#ffffff;}.elementor-993 .elementor-element.elementor-element-8cf229e .e-form__buttons__wrapper__button-next:hover{background-color:#E200FF;color:#ffffff;}.elementor-993 .elementor-element.elementor-element-8cf229e .elementor-button[type=\"submit\"]:hover{background-color:#E200FF;color:#ffffff;}.elementor-993 .elementor-element.elementor-element-8cf229e .elementor-button[type=\"submit\"]:hover svg *{fill:#ffffff;}.elementor-993 .elementor-element.elementor-element-8cf229e .e-form__buttons__wrapper__button-previous:hover{color:#ffffff;}.elementor-993 .elementor-element.elementor-element-8cf229e .elementor-button{border-radius:5px 5px 5px 5px;}.elementor-993 .elementor-element.elementor-element-8cf229e{--e-form-steps-indicators-spacing:20px;--e-form-steps-indicator-padding:30px;--e-form-steps-indicator-inactive-secondary-color:#ffffff;--e-form-steps-indicator-active-secondary-color:#ffffff;--e-form-steps-indicator-completed-secondary-color:#ffffff;--e-form-steps-divider-width:1px;--e-form-steps-divider-gap:10px;}body.elementor-page-993:not(.elementor-motion-effects-element-type-background), body.elementor-page-993 > .elementor-motion-effects-container > .elementor-motion-effects-layer{background-color:#FFFFFF;}@media(min-width:768px){.elementor-993 .elementor-element.elementor-element-fdf73b5{--width:100%;}}@media(max-width:1024px){.elementor-993 .elementor-element.elementor-element-12f8fea:not(.elementor-motion-effects-element-type-background), .elementor-993 .elementor-element.elementor-element-12f8fea > .elementor-motion-effects-container > .elementor-motion-effects-layer{background-position:0px 0px;}}@media(max-width:767px){.elementor-993 .elementor-element.elementor-element-12f8fea{--min-height:0px;--margin-top:10em;--margin-bottom:0em;--margin-left:0em;--margin-right:0em;--padding-top:2px;--padding-bottom:2px;--padding-left:2px;--padding-right:2px;}.elementor-993 .elementor-element.elementor-element-12f8fea:not(.elementor-motion-effects-element-type-background), .elementor-993 .elementor-element.elementor-element-12f8fea > .elementor-motion-effects-container > .elementor-motion-effects-layer{background-position:0px 0px;}.elementor-993 .elementor-element.elementor-element-7b3f662 .elementor-heading-title{font-size:40px;}.elementor-993 .elementor-element.elementor-element-7b3f662 > .elementor-widget-container{padding:10em 0em 2em 1em;}}@media(min-width:1025px){.elementor-993 .elementor-element.elementor-element-12f8fea:not(.elementor-motion-effects-element-type-background), .elementor-993 .elementor-element.elementor-element-12f8fea > .elementor-motion-effects-container > .elementor-motion-effects-layer{background-attachment:fixed;}}<\/style>\t\t<div data-elementor-type=\"wp-page\" data-elementor-id=\"993\" class=\"elementor elementor-993\" data-elementor-post-type=\"page\">\n\t\t\t\t<div class=\"elementor-element elementor-element-12f8fea e-con-full e-flex elementor-invisible e-con e-parent\" data-id=\"12f8fea\" data-element_type=\"container\" data-e-type=\"container\" data-settings=\"{&quot;background_background&quot;:&quot;classic&quot;,&quot;animation&quot;:&quot;fadeIn&quot;}\">\n\t\t\t\t<div class=\"elementor-element elementor-element-7b3f662 elementor-widget elementor-widget-heading\" data-id=\"7b3f662\" data-element_type=\"widget\" data-e-type=\"widget\" data-widget_type=\"heading.default\">\n\t\t\t\t<div class=\"elementor-widget-container\">\n\t\t\t\t\t<h2 class=\"elementor-heading-title elementor-size-default\">Banco de talentos<\/h2>\t\t\t\t<\/div>\n\t\t\t\t<\/div>\n\t\t\t\t<\/div>\n\t\t<div class=\"elementor-element elementor-element-c9b9bae e-flex e-con-boxed e-con e-parent\" data-id=\"c9b9bae\" data-element_type=\"container\" data-e-type=\"container\">\n\t\t\t\t\t<div class=\"e-con-inner\">\n\t\t\t\t<div class=\"elementor-element elementor-element-3e43646 elementor-widget elementor-widget-spacer\" data-id=\"3e43646\" data-element_type=\"widget\" data-e-type=\"widget\" data-widget_type=\"spacer.default\">\n\t\t\t\t<div class=\"elementor-widget-container\">\n\t\t\t\t\t\t\t<div class=\"elementor-spacer\">\n\t\t\t<div class=\"elementor-spacer-inner\"><\/div>\n\t\t<\/div>\n\t\t\t\t\t\t<\/div>\n\t\t\t\t<\/div>\n\t\t\t\t\t<\/div>\n\t\t\t\t<\/div>\n\t\t<div class=\"elementor-element elementor-element-f762f28 animated-slow e-flex e-con-boxed elementor-invisible e-con e-parent\" data-id=\"f762f28\" data-element_type=\"container\" data-e-type=\"container\" data-settings=\"{&quot;animation&quot;:&quot;zoomIn&quot;}\">\n\t\t\t\t\t<div class=\"e-con-inner\">\n\t\t<div class=\"elementor-element elementor-element-fdf73b5 e-con-full e-flex elementor-invisible e-con e-child\" data-id=\"fdf73b5\" data-element_type=\"container\" data-e-type=\"container\" data-settings=\"{&quot;animation&quot;:&quot;fadeInLeft&quot;}\">\n\t\t\t\t<div class=\"elementor-element elementor-element-7848a77 elementor-widget elementor-widget-heading\" data-id=\"7848a77\" data-element_type=\"widget\" data-e-type=\"widget\" data-widget_type=\"heading.default\">\n\t\t\t\t<div class=\"elementor-widget-container\">\n\t\t\t\t\t<h2 class=\"elementor-heading-title elementor-size-default\">Bem-vindo ao nosso\n<\/h2>\t\t\t\t<\/div>\n\t\t\t\t<\/div>\n\t\t\t\t<div class=\"elementor-element elementor-element-f8aa3be elementor-widget elementor-widget-heading\" data-id=\"f8aa3be\" data-element_type=\"widget\" data-e-type=\"widget\" data-widget_type=\"heading.default\">\n\t\t\t\t<div class=\"elementor-widget-container\">\n\t\t\t\t\t<h2 class=\"elementor-heading-title elementor-size-default\">Banco de Talentos\n<\/h2>\t\t\t\t<\/div>\n\t\t\t\t<\/div>\n\t\t\t\t<div class=\"elementor-element elementor-element-d5339f8 elementor-widget elementor-widget-text-editor\" data-id=\"d5339f8\" data-element_type=\"widget\" data-e-type=\"widget\" data-widget_type=\"text-editor.default\">\n\t\t\t\t<div class=\"elementor-widget-container\">\n\t\t\t\t\t\t\t\t\t<p>Preencha o formul\u00e1rio abaixo e envie o seu curr\u00edculo, pode haver uma vaga esperando por voc\u00ea!<\/p>\t\t\t\t\t\t\t\t<\/div>\n\t\t\t\t<\/div>\n\t\t\t\t<div class=\"elementor-element elementor-element-8cf229e elementor-button-align-stretch elementor-widget elementor-widget-form\" data-id=\"8cf229e\" data-element_type=\"widget\" data-e-type=\"widget\" data-settings=\"{&quot;step_next_label&quot;:&quot;Pr\\u00f3ximo&quot;,&quot;step_previous_label&quot;:&quot;Anterior&quot;,&quot;step_type&quot;:&quot;none&quot;,&quot;button_width&quot;:&quot;100&quot;,&quot;step_icon_shape&quot;:&quot;circle&quot;}\" data-widget_type=\"form.default\">\n\t\t\t\t<div class=\"elementor-widget-container\">\n\t\t\t\t\t\t\t<form class=\"elementor-form\" method=\"post\" name=\"matr\u00edcula\" aria-label=\"matr\u00edcula\">\n\t\t\t<input type=\"hidden\" name=\"post_id\" value=\"993\"\/>\n\t\t\t<input type=\"hidden\" name=\"form_id\" value=\"8cf229e\"\/>\n\t\t\t<input type=\"hidden\" name=\"referer_title\" value=\"Banco de Talentos\" \/>\n\n\t\t\t\t\t\t\t<input type=\"hidden\" name=\"queried_id\" value=\"993\"\/>\n\t\t\t\n\t\t\t<div class=\"elementor-form-fields-wrapper elementor-labels-above\">\n\t\t\t\t\t\t\t\t<div class=\"elementor-field-type-text elementor-field-group elementor-column elementor-field-group-name elementor-col-50 elementor-field-required elementor-mark-required\">\n\t\t\t\t\t\t\t\t\t\t\t\t<label for=\"form-field-name\" class=\"elementor-field-label\">\n\t\t\t\t\t\t\t\tNome Completo \t\t\t\t\t\t\t<\/label>\n\t\t\t\t\t\t\t\t\t\t\t\t\t\t<input size=\"1\" type=\"text\" name=\"form_fields[name]\" id=\"form-field-name\" class=\"elementor-field elementor-size-sm  elementor-field-textual\" required=\"required\">\n\t\t\t\t\t\t\t\t\t\t\t<\/div>\n\t\t\t\t\t\t\t\t<div class=\"elementor-field-type-email elementor-field-group elementor-column elementor-field-group-email elementor-col-50 elementor-field-required elementor-mark-required\">\n\t\t\t\t\t\t\t\t\t\t\t\t<label for=\"form-field-email\" class=\"elementor-field-label\">\n\t\t\t\t\t\t\t\tE-mail \t\t\t\t\t\t\t<\/label>\n\t\t\t\t\t\t\t\t\t\t\t\t\t\t<input size=\"1\" type=\"email\" name=\"form_fields[email]\" id=\"form-field-email\" class=\"elementor-field elementor-size-sm  elementor-field-textual\" required=\"required\">\n\t\t\t\t\t\t\t\t\t\t\t<\/div>\n\t\t\t\t\t\t\t\t<div class=\"elementor-field-type-text elementor-field-group elementor-column elementor-field-group-field_8d2479e elementor-col-50 elementor-field-required elementor-mark-required\">\n\t\t\t\t\t\t\t\t\t\t\t\t<label for=\"form-field-field_8d2479e\" class=\"elementor-field-label\">\n\t\t\t\t\t\t\t\tData de Nascimento\t\t\t\t\t\t\t<\/label>\n\t\t\t\t\t\t\t\t\t\t\t\t\t\t<input size=\"1\" type=\"text\" name=\"form_fields[field_8d2479e]\" id=\"form-field-field_8d2479e\" class=\"elementor-field elementor-size-sm  elementor-field-textual\" required=\"required\">\n\t\t\t\t\t\t\t\t\t\t\t<\/div>\n\t\t\t\t\t\t\t\t<div class=\"elementor-field-type-tel elementor-field-group elementor-column elementor-field-group-field_c3b37f3 elementor-col-50 elementor-field-required elementor-mark-required\">\n\t\t\t\t\t\t\t\t\t\t\t\t<label for=\"form-field-field_c3b37f3\" class=\"elementor-field-label\">\n\t\t\t\t\t\t\t\tTelefone \/ Whatsapp \t\t\t\t\t\t\t<\/label>\n\t\t\t\t\t\t\t\t<input size=\"1\" type=\"tel\" name=\"form_fields[field_c3b37f3]\" id=\"form-field-field_c3b37f3\" class=\"elementor-field elementor-size-sm  elementor-field-textual\" required=\"required\" pattern=\"[0-9()#&amp;+*-=.]+\" title=\"Apenas n\u00fameros e caracteres de telefone (#, -, *, etc.) s\u00e3o aceitos.\">\n\n\t\t\t\t\t\t<\/div>\n\t\t\t\t\t\t\t\t<div class=\"elementor-field-type-text elementor-field-group elementor-column elementor-field-group-field_62322b6 elementor-col-50 elementor-field-required elementor-mark-required\">\n\t\t\t\t\t\t\t\t\t\t\t\t<label for=\"form-field-field_62322b6\" class=\"elementor-field-label\">\n\t\t\t\t\t\t\t\tEndere\u00e7o\t\t\t\t\t\t\t<\/label>\n\t\t\t\t\t\t\t\t\t\t\t\t\t\t<input size=\"1\" type=\"text\" name=\"form_fields[field_62322b6]\" id=\"form-field-field_62322b6\" class=\"elementor-field elementor-size-sm  elementor-field-textual\" required=\"required\">\n\t\t\t\t\t\t\t\t\t\t\t<\/div>\n\t\t\t\t\t\t\t\t<div class=\"elementor-field-type-select elementor-field-group elementor-column elementor-field-group-field_e0f4c4e elementor-col-50 elementor-field-required elementor-mark-required\">\n\t\t\t\t\t\t\t\t\t\t\t\t<label for=\"form-field-field_e0f4c4e\" class=\"elementor-field-label\">\n\t\t\t\t\t\t\t\tVaga Pretendida\t\t\t\t\t\t\t<\/label>\n\t\t\t\t\t\t\t\t<div class=\"elementor-field elementor-select-wrapper remove-before \">\n\t\t\t<div class=\"select-caret-down-wrapper\">\n\t\t\t\t<svg aria-hidden=\"true\" class=\"e-font-icon-svg e-eicon-caret-down\" viewBox=\"0 0 571.4 571.4\" xmlns=\"http:\/\/www.w3.org\/2000\/svg\"><path d=\"M571 393Q571 407 561 418L311 668Q300 679 286 679T261 668L11 418Q0 407 0 393T11 368 36 357H536Q550 357 561 368T571 393Z\"><\/path><\/svg>\t\t\t<\/div>\n\t\t\t<select name=\"form_fields[field_e0f4c4e]\" id=\"form-field-field_e0f4c4e\" class=\"elementor-field-textual elementor-size-sm\" required=\"required\">\n\t\t\t\t\t\t\t\t\t<option value=\"Social Media\">Social Media<\/option>\n\t\t\t\t\t\t\t\t\t<option value=\"Social Selling\">Social Selling<\/option>\n\t\t\t\t\t\t\t\t\t<option value=\"Videomaker\">Videomaker<\/option>\n\t\t\t\t\t\t\t\t\t<option value=\"Web designer\">Web designer<\/option>\n\t\t\t\t\t\t\t\t\t<option value=\"Designer \">Designer <\/option>\n\t\t\t\t\t\t\t\t\t<option value=\"Estagi\u00e1rio N\u00edvel M\u00e9dio\">Estagi\u00e1rio N\u00edvel M\u00e9dio<\/option>\n\t\t\t\t\t\t\t\t\t<option value=\"Estagi\u00e1rio N\u00edvel Superior\">Estagi\u00e1rio N\u00edvel Superior<\/option>\n\t\t\t\t\t\t\t\t\t<option value=\"Administrativo\">Administrativo<\/option>\n\t\t\t\t\t\t\t<\/select>\n\t\t<\/div>\n\t\t\t\t\t\t<\/div>\n\t\t\t\t\t\t\t\t<div class=\"elementor-field-type-select elementor-field-group elementor-column elementor-field-group-field_2610fff elementor-col-25 elementor-field-required elementor-mark-required\">\n\t\t\t\t\t\t\t\t\t\t\t\t<label for=\"form-field-field_2610fff\" class=\"elementor-field-label\">\n\t\t\t\t\t\t\t\tN\u00edvel de Escolaridade\t\t\t\t\t\t\t<\/label>\n\t\t\t\t\t\t\t\t<div class=\"elementor-field elementor-select-wrapper remove-before \">\n\t\t\t<div class=\"select-caret-down-wrapper\">\n\t\t\t\t<svg aria-hidden=\"true\" class=\"e-font-icon-svg e-eicon-caret-down\" viewBox=\"0 0 571.4 571.4\" xmlns=\"http:\/\/www.w3.org\/2000\/svg\"><path d=\"M571 393Q571 407 561 418L311 668Q300 679 286 679T261 668L11 418Q0 407 0 393T11 368 36 357H536Q550 357 561 368T571 393Z\"><\/path><\/svg>\t\t\t<\/div>\n\t\t\t<select name=\"form_fields[field_2610fff]\" id=\"form-field-field_2610fff\" class=\"elementor-field-textual elementor-size-sm\" required=\"required\">\n\t\t\t\t\t\t\t\t\t<option value=\"Ensino M\u00e9dio Incompleto\">Ensino M\u00e9dio Incompleto<\/option>\n\t\t\t\t\t\t\t\t\t<option value=\"Ensino M\u00e9dio Completo\">Ensino M\u00e9dio Completo<\/option>\n\t\t\t\t\t\t\t\t\t<option value=\"T\u00e9cnico Completo\">T\u00e9cnico Completo<\/option>\n\t\t\t\t\t\t\t\t\t<option value=\"Gradua\u00e7\u00e3o Incompleta\">Gradua\u00e7\u00e3o Incompleta<\/option>\n\t\t\t\t\t\t\t\t\t<option value=\"Gradua\u00e7\u00e3o Completa\">Gradua\u00e7\u00e3o Completa<\/option>\n\t\t\t\t\t\t\t\t\t<option value=\"P\u00f3s-Gradua\u00e7\u00e3o\/Mestrado\">P\u00f3s-Gradua\u00e7\u00e3o\/Mestrado<\/option>\n\t\t\t\t\t\t\t\t\t<option value=\"Doutorado\">Doutorado<\/option>\n\t\t\t\t\t\t\t<\/select>\n\t\t<\/div>\n\t\t\t\t\t\t<\/div>\n\t\t\t\t\t\t\t\t<div class=\"elementor-field-type-text elementor-field-group elementor-column elementor-field-group-field_a724667 elementor-col-25\">\n\t\t\t\t\t\t\t\t\t\t\t\t<label for=\"form-field-field_a724667\" class=\"elementor-field-label\">\n\t\t\t\t\t\t\t\tCurso\t\t\t\t\t\t\t<\/label>\n\t\t\t\t\t\t\t\t\t\t\t\t\t\t<input size=\"1\" type=\"text\" name=\"form_fields[field_a724667]\" id=\"form-field-field_a724667\" class=\"elementor-field elementor-size-sm  elementor-field-textual\">\n\t\t\t\t\t\t\t\t\t\t\t<\/div>\n\t\t\t\t\t\t\t\t<div class=\"elementor-field-type-text elementor-field-group elementor-column elementor-field-group-field_da0fc0c elementor-col-25\">\n\t\t\t\t\t\t\t\t\t\t\t\t<label for=\"form-field-field_da0fc0c\" class=\"elementor-field-label\">\n\t\t\t\t\t\t\t\tInstitui\u00e7\u00e3o de Ensino\t\t\t\t\t\t\t<\/label>\n\t\t\t\t\t\t\t\t\t\t\t\t\t\t<input size=\"1\" type=\"text\" name=\"form_fields[field_da0fc0c]\" id=\"form-field-field_da0fc0c\" class=\"elementor-field elementor-size-sm  elementor-field-textual\">\n\t\t\t\t\t\t\t\t\t\t\t<\/div>\n\t\t\t\t\t\t\t\t<div class=\"elementor-field-type-text elementor-field-group elementor-column elementor-field-group-field_4ad4caa elementor-col-25\">\n\t\t\t\t\t\t\t\t\t\t\t\t<label for=\"form-field-field_4ad4caa\" class=\"elementor-field-label\">\n\t\t\t\t\t\t\t\tAno de Conclus\u00e3o\t\t\t\t\t\t\t<\/label>\n\t\t\t\t\t\t\t\t\t\t\t\t\t\t<input size=\"1\" type=\"text\" name=\"form_fields[field_4ad4caa]\" id=\"form-field-field_4ad4caa\" class=\"elementor-field elementor-size-sm  elementor-field-textual\">\n\t\t\t\t\t\t\t\t\t\t\t<\/div>\n\t\t\t\t\t\t\t\t<div class=\"elementor-field-type-text elementor-field-group elementor-column elementor-field-group-field_c5753a4 elementor-col-33\">\n\t\t\t\t\t\t\t\t\t\t\t\t<label for=\"form-field-field_c5753a4\" class=\"elementor-field-label\">\n\t\t\t\t\t\t\t\t\u00daltimo Cargo\t\t\t\t\t\t\t<\/label>\n\t\t\t\t\t\t\t\t\t\t\t\t\t\t<input size=\"1\" type=\"text\" name=\"form_fields[field_c5753a4]\" id=\"form-field-field_c5753a4\" class=\"elementor-field elementor-size-sm  elementor-field-textual\">\n\t\t\t\t\t\t\t\t\t\t\t<\/div>\n\t\t\t\t\t\t\t\t<div class=\"elementor-field-type-text elementor-field-group elementor-column elementor-field-group-field_8958453 elementor-col-33\">\n\t\t\t\t\t\t\t\t\t\t\t\t<label for=\"form-field-field_8958453\" class=\"elementor-field-label\">\n\t\t\t\t\t\t\t\tNome da Empresa\t\t\t\t\t\t\t<\/label>\n\t\t\t\t\t\t\t\t\t\t\t\t\t\t<input size=\"1\" type=\"text\" name=\"form_fields[field_8958453]\" id=\"form-field-field_8958453\" class=\"elementor-field elementor-size-sm  elementor-field-textual\">\n\t\t\t\t\t\t\t\t\t\t\t<\/div>\n\t\t\t\t\t\t\t\t<div class=\"elementor-field-type-text elementor-field-group elementor-column elementor-field-group-field_25c25b4 elementor-col-33\">\n\t\t\t\t\t\t\t\t\t\t\t\t<label for=\"form-field-field_25c25b4\" class=\"elementor-field-label\">\n\t\t\t\t\t\t\t\tPer\u00edodo de Atua\u00e7\u00e3o\t\t\t\t\t\t\t<\/label>\n\t\t\t\t\t\t\t\t\t\t\t\t\t\t<input size=\"1\" type=\"text\" name=\"form_fields[field_25c25b4]\" id=\"form-field-field_25c25b4\" class=\"elementor-field elementor-size-sm  elementor-field-textual\">\n\t\t\t\t\t\t\t\t\t\t\t<\/div>\n\t\t\t\t\t\t\t\t<div class=\"elementor-field-type-textarea elementor-field-group elementor-column elementor-field-group-field_4740d93 elementor-col-100\">\n\t\t\t\t\t\t\t\t\t\t\t\t<label for=\"form-field-field_4740d93\" class=\"elementor-field-label\">\n\t\t\t\t\t\t\t\tPrincipais Atividades\t\t\t\t\t\t\t<\/label>\n\t\t\t\t\t\t<textarea class=\"elementor-field-textual elementor-field  elementor-size-sm\" name=\"form_fields[field_4740d93]\" id=\"form-field-field_4740d93\" rows=\"4\"><\/textarea>\t\t\t\t<\/div>\n\t\t\t\t\t\t\t\t<div class=\"elementor-field-type-upload elementor-field-group elementor-column elementor-field-group-field_5b58c64 elementor-col-100 elementor-field-required elementor-mark-required\">\n\t\t\t\t\t\t\t\t\t\t\t\t<label for=\"form-field-field_5b58c64\" class=\"elementor-field-label\">\n\t\t\t\t\t\t\t\tCadastrar Curr\u00edculo \t\t\t\t\t\t\t<\/label>\n\t\t\t\t\t\t\t\t<input type=\"file\" name=\"form_fields[field_5b58c64]\" id=\"form-field-field_5b58c64\" class=\"elementor-field elementor-size-sm  elementor-upload-field\" required=\"required\">\n\n\t\t\t\t\t\t<\/div>\n\t\t\t\t\t\t\t\t<div class=\"elementor-field-group elementor-column elementor-field-type-submit elementor-col-100 e-form__buttons\">\n\t\t\t\t\t<button class=\"elementor-button elementor-size-sm\" type=\"submit\">\n\t\t\t\t\t\t<span class=\"elementor-button-content-wrapper\">\n\t\t\t\t\t\t\t\t\t\t\t\t\t\t\t\t\t\t\t\t\t\t<span class=\"elementor-button-text\">Enviar<\/span>\n\t\t\t\t\t\t\t\t\t\t\t\t\t<\/span>\n\t\t\t\t\t<\/button>\n\t\t\t\t<\/div>\n\t\t\t<\/div>\n\t\t<\/form>\n\t\t\t\t\t\t<\/div>\n\t\t\t\t<\/div>\n\t\t\t\t<\/div>\n\t\t\t\t\t<\/div>\n\t\t\t\t<\/div>\n\t\t\t\t<\/div>\n\t\t","protected":false},"excerpt":{"rendered":"<p>Banco de talentos Bem-vindo ao nosso Banco de Talentos Preencha o formul\u00e1rio abaixo e envie o seu curr\u00edculo, pode haver uma vaga esperando por voc\u00ea!<\/p>\n","protected":false},"author":1,"featured_media":0,"parent":0,"menu_order":0,"comment_status":"closed","ping_status":"closed","template":"elementor_header_footer","meta":{"footnotes":""},"class_list":["post-993","page","type-page","status-publish","hentry"],"_links":{"self":[{"href":"https:\/\/282comunicacao.com.br\/index.php\/wp-json\/wp\/v2\/pages\/993","targetHints":{"allow":["GET"]}}],"collection":[{"href":"https:\/\/282comunicacao.com.br\/index.php\/wp-json\/wp\/v2\/pages"}],"about":[{"href":"https:\/\/282comunicacao.com.br\/index.php\/wp-json\/wp\/v2\/types\/page"}],"author":[{"embeddable":true,"href":"https:\/\/282comunicacao.com.br\/index.php\/wp-json\/wp\/v2\/users\/1"}],"replies":[{"embeddable":true,"href":"https:\/\/282comunicacao.com.br\/index.php\/wp-json\/wp\/v2\/comments?post=993"}],"version-history":[{"count":19,"href":"https:\/\/282comunicacao.com.br\/index.php\/wp-json\/wp\/v2\/pages\/993\/revisions"}],"predecessor-version":[{"id":1016,"href":"https:\/\/282comunicacao.com.br\/index.php\/wp-json\/wp\/v2\/pages\/993\/revisions\/1016"}],"wp:attachment":[{"href":"https:\/\/282comunicacao.com.br\/index.php\/wp-json\/wp\/v2\/media?parent=993"}],"curies":[{"name":"wp","href":"https:\/\/api.w.org\/{rel}","templated":true}]}}