{"id":539,"date":"2024-05-17T17:39:28","date_gmt":"2024-05-17T17:39:28","guid":{"rendered":"https:\/\/282comunicacao.com.br\/?page_id=539"},"modified":"2024-07-08T12:39:30","modified_gmt":"2024-07-08T12:39:30","slug":"contato","status":"publish","type":"page","link":"https:\/\/282comunicacao.com.br\/index.php\/contato\/","title":{"rendered":"Contato"},"content":{"rendered":"<style>.elementor-539 .elementor-element.elementor-element-eedf54e{--display:flex;--min-height:440px;--justify-content:center;--overlay-opacity:0.64;--padding-top:0px;--padding-bottom:0px;--padding-left:0px;--padding-right:0px;}.elementor-539 .elementor-element.elementor-element-eedf54e:not(.elementor-motion-effects-element-type-background), .elementor-539 .elementor-element.elementor-element-eedf54e > .elementor-motion-effects-container > .elementor-motion-effects-layer{background-image:url(\"https:\/\/282comunicacao.com.br\/wp-content\/uploads\/2024\/05\/people-working-tech-brand-together-scaled.jpg\");background-position:0px -166px;background-repeat:no-repeat;background-size:cover;}.elementor-539 .elementor-element.elementor-element-eedf54e::before, .elementor-539 .elementor-element.elementor-element-eedf54e > .elementor-background-video-container::before, .elementor-539 .elementor-element.elementor-element-eedf54e > .e-con-inner > .elementor-background-video-container::before, .elementor-539 .elementor-element.elementor-element-eedf54e > .elementor-background-slideshow::before, .elementor-539 .elementor-element.elementor-element-eedf54e > .e-con-inner > .elementor-background-slideshow::before, .elementor-539 .elementor-element.elementor-element-eedf54e > .elementor-motion-effects-container > .elementor-motion-effects-layer::before{--background-overlay:'';background-color:#000000;}.elementor-539 .elementor-element.elementor-element-6e293a5 .elementor-heading-title{font-family:\"Montserrat\", Sans-serif;font-size:50px;font-weight:700;text-transform:uppercase;color:#FFFFFF;}.elementor-539 .elementor-element.elementor-element-6e293a5 > .elementor-widget-container{padding:0em 0em 0em 16em;}.elementor-539 .elementor-element.elementor-element-701c77f{--display:flex;}.elementor-539 .elementor-element.elementor-element-75c89b1{--spacer-size:50px;}.elementor-539 .elementor-element.elementor-element-ed2c79a{--display:flex;--flex-direction:row;--container-widget-width:initial;--container-widget-height:100%;--container-widget-flex-grow:1;--container-widget-align-self:stretch;--flex-wrap-mobile:wrap;--gap:0px 0px;--row-gap:0px;--column-gap:0px;}.elementor-539 .elementor-element.elementor-element-0c23d72{--display:flex;--flex-direction:column;--container-widget-width:100%;--container-widget-height:initial;--container-widget-flex-grow:0;--container-widget-align-self:initial;--flex-wrap-mobile:wrap;}.elementor-539 .elementor-element.elementor-element-bb41fa3 .elementor-heading-title{font-family:\"Montserrat\", Sans-serif;font-size:40px;font-weight:600;text-transform:uppercase;color:#000000;}.elementor-539 .elementor-element.elementor-element-4b2c133{font-family:\"Montserrat\", Sans-serif;font-weight:400;}.elementor-539 .elementor-element.elementor-element-04f3cbc{--display:flex;--flex-direction:column;--container-widget-width:100%;--container-widget-height:initial;--container-widget-flex-grow:0;--container-widget-align-self:initial;--flex-wrap-mobile:wrap;}.elementor-539 .elementor-element.elementor-element-865240b{text-align:center;}.elementor-539 .elementor-element.elementor-element-865240b .elementor-heading-title{font-family:\"Montserrat\", Sans-serif;font-size:25px;font-weight:600;text-transform:uppercase;color:#000000;}.elementor-539 .elementor-element.elementor-element-cbcb7cb .elementor-field-group{padding-right:calc( 10px\/2 );padding-left:calc( 10px\/2 );margin-bottom:10px;}.elementor-539 .elementor-element.elementor-element-cbcb7cb .elementor-form-fields-wrapper{margin-left:calc( -10px\/2 );margin-right:calc( -10px\/2 );margin-bottom:-10px;}.elementor-539 .elementor-element.elementor-element-cbcb7cb .elementor-field-group.recaptcha_v3-bottomleft, .elementor-539 .elementor-element.elementor-element-cbcb7cb .elementor-field-group.recaptcha_v3-bottomright{margin-bottom:0;}body.rtl .elementor-539 .elementor-element.elementor-element-cbcb7cb .elementor-labels-inline .elementor-field-group > label{padding-left:0px;}body:not(.rtl) .elementor-539 .elementor-element.elementor-element-cbcb7cb .elementor-labels-inline .elementor-field-group > label{padding-right:0px;}body .elementor-539 .elementor-element.elementor-element-cbcb7cb .elementor-labels-above .elementor-field-group > label{padding-bottom:0px;}.elementor-539 .elementor-element.elementor-element-cbcb7cb .elementor-field-group > label, .elementor-539 .elementor-element.elementor-element-cbcb7cb .elementor-field-subgroup label{color:#000000;}.elementor-539 .elementor-element.elementor-element-cbcb7cb .elementor-field-group > label{font-family:\"Montserrat\", Sans-serif;font-weight:400;}.elementor-539 .elementor-element.elementor-element-cbcb7cb .elementor-field-type-html{padding-bottom:0px;}.elementor-539 .elementor-element.elementor-element-cbcb7cb .elementor-field-group .elementor-field:not(.elementor-select-wrapper){background-color:#ffffff;}.elementor-539 .elementor-element.elementor-element-cbcb7cb .elementor-field-group .elementor-select-wrapper select{background-color:#ffffff;}.elementor-539 .elementor-element.elementor-element-cbcb7cb .e-form__buttons__wrapper__button-next{background-color:#7E2F88;color:#ffffff;}.elementor-539 .elementor-element.elementor-element-cbcb7cb .elementor-button[type=\"submit\"]{background-color:#7E2F88;color:#ffffff;}.elementor-539 .elementor-element.elementor-element-cbcb7cb .elementor-button[type=\"submit\"] svg *{fill:#ffffff;}.elementor-539 .elementor-element.elementor-element-cbcb7cb .e-form__buttons__wrapper__button-previous{background-color:#7E2F88;color:#ffffff;}.elementor-539 .elementor-element.elementor-element-cbcb7cb .e-form__buttons__wrapper__button-next:hover{color:#ffffff;}.elementor-539 .elementor-element.elementor-element-cbcb7cb .elementor-button[type=\"submit\"]:hover{color:#ffffff;}.elementor-539 .elementor-element.elementor-element-cbcb7cb .elementor-button[type=\"submit\"]:hover svg *{fill:#ffffff;}.elementor-539 .elementor-element.elementor-element-cbcb7cb .e-form__buttons__wrapper__button-previous:hover{color:#ffffff;}.elementor-539 .elementor-element.elementor-element-cbcb7cb{--e-form-steps-indicators-spacing:20px;--e-form-steps-indicator-padding:30px;--e-form-steps-indicator-inactive-secondary-color:#ffffff;--e-form-steps-indicator-active-secondary-color:#ffffff;--e-form-steps-indicator-completed-secondary-color:#ffffff;--e-form-steps-divider-width:1px;--e-form-steps-divider-gap:10px;}body.elementor-page-539:not(.elementor-motion-effects-element-type-background), body.elementor-page-539 > .elementor-motion-effects-container > .elementor-motion-effects-layer{background-color:#FFFFFF;}@media(min-width:768px){.elementor-539 .elementor-element.elementor-element-0c23d72{--width:50%;}.elementor-539 .elementor-element.elementor-element-04f3cbc{--width:50%;}}@media(max-width:1024px){.elementor-539 .elementor-element.elementor-element-eedf54e:not(.elementor-motion-effects-element-type-background), .elementor-539 .elementor-element.elementor-element-eedf54e > .elementor-motion-effects-container > .elementor-motion-effects-layer{background-position:0px 0px;}}@media(max-width:767px){.elementor-539 .elementor-element.elementor-element-eedf54e{--min-height:0px;--margin-top:10em;--margin-bottom:0em;--margin-left:0em;--margin-right:0em;--padding-top:2px;--padding-bottom:2px;--padding-left:2px;--padding-right:2px;}.elementor-539 .elementor-element.elementor-element-eedf54e:not(.elementor-motion-effects-element-type-background), .elementor-539 .elementor-element.elementor-element-eedf54e > .elementor-motion-effects-container > .elementor-motion-effects-layer{background-position:0px 0px;}.elementor-539 .elementor-element.elementor-element-6e293a5 .elementor-heading-title{font-size:40px;}.elementor-539 .elementor-element.elementor-element-6e293a5 > .elementor-widget-container{padding:10em 0em 2em 1em;}}@media(min-width:1025px){.elementor-539 .elementor-element.elementor-element-eedf54e:not(.elementor-motion-effects-element-type-background), .elementor-539 .elementor-element.elementor-element-eedf54e > .elementor-motion-effects-container > .elementor-motion-effects-layer{background-attachment:fixed;}}<\/style>\t\t<div data-elementor-type=\"wp-page\" data-elementor-id=\"539\" class=\"elementor elementor-539\" data-elementor-post-type=\"page\">\n\t\t\t\t<div class=\"elementor-element elementor-element-eedf54e e-con-full e-flex elementor-invisible e-con e-parent\" data-id=\"eedf54e\" data-element_type=\"container\" data-e-type=\"container\" data-settings=\"{&quot;background_background&quot;:&quot;classic&quot;,&quot;animation&quot;:&quot;fadeIn&quot;}\">\n\t\t\t\t<div class=\"elementor-element elementor-element-6e293a5 elementor-widget elementor-widget-heading\" data-id=\"6e293a5\" data-element_type=\"widget\" data-e-type=\"widget\" data-widget_type=\"heading.default\">\n\t\t\t\t<div class=\"elementor-widget-container\">\n\t\t\t\t\t<h2 class=\"elementor-heading-title elementor-size-default\">Contato<\/h2>\t\t\t\t<\/div>\n\t\t\t\t<\/div>\n\t\t\t\t<\/div>\n\t\t<div class=\"elementor-element elementor-element-701c77f e-flex e-con-boxed e-con e-parent\" data-id=\"701c77f\" data-element_type=\"container\" data-e-type=\"container\">\n\t\t\t\t\t<div class=\"e-con-inner\">\n\t\t\t\t<div class=\"elementor-element elementor-element-75c89b1 elementor-widget elementor-widget-spacer\" data-id=\"75c89b1\" data-element_type=\"widget\" data-e-type=\"widget\" data-widget_type=\"spacer.default\">\n\t\t\t\t<div class=\"elementor-widget-container\">\n\t\t\t\t\t\t\t<div class=\"elementor-spacer\">\n\t\t\t<div class=\"elementor-spacer-inner\"><\/div>\n\t\t<\/div>\n\t\t\t\t\t\t<\/div>\n\t\t\t\t<\/div>\n\t\t\t\t\t<\/div>\n\t\t\t\t<\/div>\n\t\t<div class=\"elementor-element elementor-element-ed2c79a e-flex e-con-boxed e-con e-parent\" data-id=\"ed2c79a\" data-element_type=\"container\" data-e-type=\"container\">\n\t\t\t\t\t<div class=\"e-con-inner\">\n\t\t<div class=\"elementor-element elementor-element-0c23d72 e-con-full e-flex elementor-invisible e-con e-child\" data-id=\"0c23d72\" data-element_type=\"container\" data-e-type=\"container\" data-settings=\"{&quot;animation&quot;:&quot;fadeInLeft&quot;}\">\n\t\t\t\t<div class=\"elementor-element elementor-element-bb41fa3 elementor-widget elementor-widget-heading\" data-id=\"bb41fa3\" data-element_type=\"widget\" data-e-type=\"widget\" data-widget_type=\"heading.default\">\n\t\t\t\t<div class=\"elementor-widget-container\">\n\t\t\t\t\t<h2 class=\"elementor-heading-title elementor-size-default\">Fale Conosco <\/h2>\t\t\t\t<\/div>\n\t\t\t\t<\/div>\n\t\t\t\t<div class=\"elementor-element elementor-element-4b2c133 elementor-widget elementor-widget-text-editor\" data-id=\"4b2c133\" data-element_type=\"widget\" data-e-type=\"widget\" data-widget_type=\"text-editor.default\">\n\t\t\t\t<div class=\"elementor-widget-container\">\n\t\t\t\t\t\t\t\t\t<p>Queremos conhecer o seu neg\u00f3cio!<br \/>Estamos a disposi\u00e7\u00e3o para esclarecer d\u00favidas e conhecer seus projetos.<\/p>\t\t\t\t\t\t\t\t<\/div>\n\t\t\t\t<\/div>\n\t\t\t\t<\/div>\n\t\t<div class=\"elementor-element elementor-element-04f3cbc e-con-full e-flex elementor-invisible e-con e-child\" data-id=\"04f3cbc\" data-element_type=\"container\" data-e-type=\"container\" data-settings=\"{&quot;animation&quot;:&quot;fadeInRight&quot;}\">\n\t\t\t\t<div class=\"elementor-element elementor-element-865240b elementor-widget elementor-widget-heading\" data-id=\"865240b\" data-element_type=\"widget\" data-e-type=\"widget\" data-widget_type=\"heading.default\">\n\t\t\t\t<div class=\"elementor-widget-container\">\n\t\t\t\t\t<h2 class=\"elementor-heading-title elementor-size-default\">\nAguardamos sua mensagem.<\/h2>\t\t\t\t<\/div>\n\t\t\t\t<\/div>\n\t\t\t\t<div class=\"elementor-element elementor-element-cbcb7cb elementor-button-align-stretch elementor-widget elementor-widget-form\" data-id=\"cbcb7cb\" data-element_type=\"widget\" data-e-type=\"widget\" data-settings=\"{&quot;step_next_label&quot;:&quot;Pr\\u00f3ximo&quot;,&quot;step_previous_label&quot;:&quot;Anterior&quot;,&quot;button_width&quot;:&quot;100&quot;,&quot;step_type&quot;:&quot;number_text&quot;,&quot;step_icon_shape&quot;:&quot;circle&quot;}\" data-widget_type=\"form.default\">\n\t\t\t\t<div class=\"elementor-widget-container\">\n\t\t\t\t\t\t\t<form class=\"elementor-form\" method=\"post\" name=\"contato site \" aria-label=\"contato site \">\n\t\t\t<input type=\"hidden\" name=\"post_id\" value=\"539\"\/>\n\t\t\t<input type=\"hidden\" name=\"form_id\" value=\"cbcb7cb\"\/>\n\t\t\t<input type=\"hidden\" name=\"referer_title\" value=\"Contato\" \/>\n\n\t\t\t\t\t\t\t<input type=\"hidden\" name=\"queried_id\" value=\"539\"\/>\n\t\t\t\n\t\t\t<div class=\"elementor-form-fields-wrapper elementor-labels-above\">\n\t\t\t\t\t\t\t\t<div class=\"elementor-field-type-text elementor-field-group elementor-column elementor-field-group-name elementor-col-50\">\n\t\t\t\t\t\t\t\t\t\t\t\t\t<input size=\"1\" type=\"text\" name=\"form_fields[name]\" id=\"form-field-name\" class=\"elementor-field elementor-size-sm  elementor-field-textual\" placeholder=\"Nome\">\n\t\t\t\t\t\t\t\t\t\t\t<\/div>\n\t\t\t\t\t\t\t\t<div class=\"elementor-field-type-email elementor-field-group elementor-column elementor-field-group-email elementor-col-50 elementor-field-required\">\n\t\t\t\t\t\t\t\t\t\t\t\t\t<input size=\"1\" type=\"email\" name=\"form_fields[email]\" id=\"form-field-email\" class=\"elementor-field elementor-size-sm  elementor-field-textual\" placeholder=\"E-mail\" required=\"required\">\n\t\t\t\t\t\t\t\t\t\t\t<\/div>\n\t\t\t\t\t\t\t\t<div class=\"elementor-field-type-textarea elementor-field-group elementor-column elementor-field-group-message elementor-col-100\">\n\t\t\t\t\t<textarea class=\"elementor-field-textual elementor-field  elementor-size-sm\" name=\"form_fields[message]\" id=\"form-field-message\" rows=\"4\" placeholder=\"Mensagem\"><\/textarea>\t\t\t\t<\/div>\n\t\t\t\t\t\t\t\t<div class=\"elementor-field-group elementor-column elementor-field-type-submit elementor-col-100 e-form__buttons\">\n\t\t\t\t\t<button class=\"elementor-button elementor-size-sm\" type=\"submit\">\n\t\t\t\t\t\t<span class=\"elementor-button-content-wrapper\">\n\t\t\t\t\t\t\t\t\t\t\t\t\t\t\t\t\t\t\t\t\t\t<span class=\"elementor-button-text\">Enviar<\/span>\n\t\t\t\t\t\t\t\t\t\t\t\t\t<\/span>\n\t\t\t\t\t<\/button>\n\t\t\t\t<\/div>\n\t\t\t<\/div>\n\t\t<\/form>\n\t\t\t\t\t\t<\/div>\n\t\t\t\t<\/div>\n\t\t\t\t<\/div>\n\t\t\t\t\t<\/div>\n\t\t\t\t<\/div>\n\t\t\t\t<\/div>\n\t\t","protected":false},"excerpt":{"rendered":"<p>Contato Fale Conosco Queremos conhecer o seu neg\u00f3cio!Estamos a disposi\u00e7\u00e3o para esclarecer d\u00favidas e conhecer seus projetos. Aguardamos sua mensagem.<\/p>\n","protected":false},"author":1,"featured_media":0,"parent":0,"menu_order":0,"comment_status":"closed","ping_status":"closed","template":"elementor_header_footer","meta":{"footnotes":""},"class_list":["post-539","page","type-page","status-publish","hentry"],"_links":{"self":[{"href":"https:\/\/282comunicacao.com.br\/index.php\/wp-json\/wp\/v2\/pages\/539","targetHints":{"allow":["GET"]}}],"collection":[{"href":"https:\/\/282comunicacao.com.br\/index.php\/wp-json\/wp\/v2\/pages"}],"about":[{"href":"https:\/\/282comunicacao.com.br\/index.php\/wp-json\/wp\/v2\/types\/page"}],"author":[{"embeddable":true,"href":"https:\/\/282comunicacao.com.br\/index.php\/wp-json\/wp\/v2\/users\/1"}],"replies":[{"embeddable":true,"href":"https:\/\/282comunicacao.com.br\/index.php\/wp-json\/wp\/v2\/comments?post=539"}],"version-history":[{"count":31,"href":"https:\/\/282comunicacao.com.br\/index.php\/wp-json\/wp\/v2\/pages\/539\/revisions"}],"predecessor-version":[{"id":922,"href":"https:\/\/282comunicacao.com.br\/index.php\/wp-json\/wp\/v2\/pages\/539\/revisions\/922"}],"wp:attachment":[{"href":"https:\/\/282comunicacao.com.br\/index.php\/wp-json\/wp\/v2\/media?parent=539"}],"curies":[{"name":"wp","href":"https:\/\/api.w.org\/{rel}","templated":true}]}}