{"id":493,"date":"2024-05-17T14:45:39","date_gmt":"2024-05-17T14:45:39","guid":{"rendered":"https:\/\/282comunicacao.com.br\/?page_id=493"},"modified":"2024-11-25T19:48:39","modified_gmt":"2024-11-25T19:48:39","slug":"sobre","status":"publish","type":"page","link":"https:\/\/282comunicacao.com.br\/index.php\/sobre\/","title":{"rendered":"Sobre"},"content":{"rendered":"<style>.elementor-493 .elementor-element.elementor-element-8d711d1{--display:flex;--min-height:440px;--justify-content:center;--overlay-opacity:0.64;--padding-top:0px;--padding-bottom:0px;--padding-left:0px;--padding-right:0px;}.elementor-493 .elementor-element.elementor-element-8d711d1:not(.elementor-motion-effects-element-type-background), .elementor-493 .elementor-element.elementor-element-8d711d1 > .elementor-motion-effects-container > .elementor-motion-effects-layer{background-image:url(\"https:\/\/282comunicacao.com.br\/wp-content\/uploads\/2024\/05\/people-working-tech-brand-together-scaled.jpg\");background-position:0px -166px;background-repeat:no-repeat;background-size:cover;}.elementor-493 .elementor-element.elementor-element-8d711d1::before, .elementor-493 .elementor-element.elementor-element-8d711d1 > .elementor-background-video-container::before, .elementor-493 .elementor-element.elementor-element-8d711d1 > .e-con-inner > .elementor-background-video-container::before, .elementor-493 .elementor-element.elementor-element-8d711d1 > .elementor-background-slideshow::before, .elementor-493 .elementor-element.elementor-element-8d711d1 > .e-con-inner > .elementor-background-slideshow::before, .elementor-493 .elementor-element.elementor-element-8d711d1 > .elementor-motion-effects-container > .elementor-motion-effects-layer::before{--background-overlay:'';background-color:#000000;}.elementor-493 .elementor-element.elementor-element-d973326 .elementor-heading-title{font-family:\"Montserrat\", Sans-serif;font-size:50px;font-weight:700;text-transform:uppercase;color:#FFFFFF;}.elementor-493 .elementor-element.elementor-element-d973326 > .elementor-widget-container{padding:0em 0em 0em 16em;}.elementor-493 .elementor-element.elementor-element-0348967{--display:flex;}.elementor-493 .elementor-element.elementor-element-96ed2b9{--spacer-size:50px;}.elementor-493 .elementor-element.elementor-element-e029caf{--display:flex;--flex-direction:column;--container-widget-width:100%;--container-widget-height:initial;--container-widget-flex-grow:0;--container-widget-align-self:initial;--flex-wrap-mobile:wrap;--padding-top:0px;--padding-bottom:0px;--padding-left:0px;--padding-right:0px;}.elementor-493 .elementor-element.elementor-element-edbd8e1{--display:flex;--padding-top:35px;--padding-bottom:35px;--padding-left:0px;--padding-right:85px;}.elementor-493 .elementor-element.elementor-element-edbd8e1:not(.elementor-motion-effects-element-type-background), .elementor-493 .elementor-element.elementor-element-edbd8e1 > .elementor-motion-effects-container > .elementor-motion-effects-layer{background-color:#7E2F88;}.elementor-493 .elementor-element.elementor-element-34dfb02 .elementor-heading-title{font-family:\"Montserrat\", Sans-serif;font-size:43px;font-weight:600;text-transform:uppercase;color:#FFFFFF;}.elementor-493 .elementor-element.elementor-element-34dfb02 > .elementor-widget-container{padding:0em 0em 0em 0em;}.elementor-493 .elementor-element.elementor-element-34dfb02.elementor-element{--flex-grow:0;--flex-shrink:0;}.elementor-493 .elementor-element.elementor-element-3839e82{font-family:\"Montserrat\", Sans-serif;font-weight:400;color:#FFFFFF;}.elementor-493 .elementor-element.elementor-element-ee9caa8{--display:flex;}.elementor-493 .elementor-element.elementor-element-a0a15dc{--spacer-size:50px;}.elementor-493 .elementor-element.elementor-element-caa60b2{--display:flex;--flex-direction:row;--container-widget-width:initial;--container-widget-height:100%;--container-widget-flex-grow:1;--container-widget-align-self:stretch;--flex-wrap-mobile:wrap;--gap:0px 0px;--row-gap:0px;--column-gap:0px;--padding-top:0px;--padding-bottom:0px;--padding-left:0px;--padding-right:0px;}.elementor-493 .elementor-element.elementor-element-e2d7d49{--display:flex;--flex-direction:column;--container-widget-width:100%;--container-widget-height:initial;--container-widget-flex-grow:0;--container-widget-align-self:initial;--flex-wrap-mobile:wrap;--justify-content:center;}.elementor-493 .elementor-element.elementor-element-e2d7d49:not(.elementor-motion-effects-element-type-background), .elementor-493 .elementor-element.elementor-element-e2d7d49 > .elementor-motion-effects-container > .elementor-motion-effects-layer{background-color:#7E2F88;}.elementor-493 .elementor-element.elementor-element-e2d7d49.e-con{--flex-grow:0;--flex-shrink:0;}.elementor-493 .elementor-element.elementor-element-a1bc3d8{text-align:center;}.elementor-493 .elementor-element.elementor-element-a1bc3d8 .elementor-heading-title{font-family:\"Montserrat\", Sans-serif;font-size:50px;font-weight:600;text-transform:uppercase;color:#FFFFFF;}.elementor-493 .elementor-element.elementor-element-a1bc3d8 > .elementor-widget-container{padding:0em 0em 0em 0em;}.elementor-493 .elementor-element.elementor-element-d6b81df{--display:flex;--flex-direction:column;--container-widget-width:100%;--container-widget-height:initial;--container-widget-flex-grow:0;--container-widget-align-self:initial;--flex-wrap-mobile:wrap;--padding-top:100px;--padding-bottom:100px;--padding-left:100px;--padding-right:100px;}.elementor-493 .elementor-element.elementor-element-d6b81df:not(.elementor-motion-effects-element-type-background), .elementor-493 .elementor-element.elementor-element-d6b81df > .elementor-motion-effects-container > .elementor-motion-effects-layer{background-color:#F3F3F3;}.elementor-493 .elementor-element.elementor-element-7f97193{font-family:\"Montserrat\", Sans-serif;font-weight:400;}.elementor-493 .elementor-element.elementor-element-54d3547{--display:flex;}.elementor-493 .elementor-element.elementor-element-c6945fe{--spacer-size:50px;}.elementor-493 .elementor-element.elementor-element-6bf3191{--display:flex;--flex-direction:row;--container-widget-width:initial;--container-widget-height:100%;--container-widget-flex-grow:1;--container-widget-align-self:stretch;--flex-wrap-mobile:wrap;--gap:0px 0px;--row-gap:0px;--column-gap:0px;--flex-wrap:wrap;--padding-top:25px;--padding-bottom:25px;--padding-left:25px;--padding-right:25px;}.elementor-493 .elementor-element.elementor-element-6bf3191:not(.elementor-motion-effects-element-type-background), .elementor-493 .elementor-element.elementor-element-6bf3191 > .elementor-motion-effects-container > .elementor-motion-effects-layer{background-color:#7E2F88;}.elementor-493 .elementor-element.elementor-element-840ada5{--display:flex;--flex-direction:column;--container-widget-width:100%;--container-widget-height:initial;--container-widget-flex-grow:0;--container-widget-align-self:initial;--flex-wrap-mobile:wrap;}.elementor-493 .elementor-element.elementor-element-2d2cf1f{text-align:center;}.elementor-493 .elementor-element.elementor-element-2d2cf1f .elementor-heading-title{font-family:\"Montserrat\", Sans-serif;font-size:50px;font-weight:600;text-transform:uppercase;color:#FFFFFF;}.elementor-493 .elementor-element.elementor-element-2d2cf1f > .elementor-widget-container{padding:0em 0em 0em 0em;}.elementor-493 .elementor-element.elementor-element-e4b92f5{text-align:justify;font-family:\"Montserrat\", Sans-serif;font-weight:400;color:#FFFFFF;}body.elementor-page-493:not(.elementor-motion-effects-element-type-background), body.elementor-page-493 > .elementor-motion-effects-container > .elementor-motion-effects-layer{background-color:#FFFFFF;}@media(min-width:768px){.elementor-493 .elementor-element.elementor-element-edbd8e1{--content-width:1166px;}.elementor-493 .elementor-element.elementor-element-e2d7d49{--width:38.107%;}.elementor-493 .elementor-element.elementor-element-d6b81df{--width:100%;}.elementor-493 .elementor-element.elementor-element-6bf3191{--content-width:1012px;}.elementor-493 .elementor-element.elementor-element-840ada5{--width:100%;}}@media(max-width:1024px){.elementor-493 .elementor-element.elementor-element-8d711d1:not(.elementor-motion-effects-element-type-background), .elementor-493 .elementor-element.elementor-element-8d711d1 > .elementor-motion-effects-container > .elementor-motion-effects-layer{background-position:0px 0px;}}@media(max-width:767px){.elementor-493 .elementor-element.elementor-element-8d711d1{--min-height:0px;--margin-top:10em;--margin-bottom:0em;--margin-left:0em;--margin-right:0em;--padding-top:2px;--padding-bottom:2px;--padding-left:2px;--padding-right:2px;}.elementor-493 .elementor-element.elementor-element-8d711d1:not(.elementor-motion-effects-element-type-background), .elementor-493 .elementor-element.elementor-element-8d711d1 > .elementor-motion-effects-container > .elementor-motion-effects-layer{background-position:0px 0px;}.elementor-493 .elementor-element.elementor-element-d973326 .elementor-heading-title{font-size:40px;}.elementor-493 .elementor-element.elementor-element-d973326 > .elementor-widget-container{margin:0px 0px 0px 0px;padding:10em 0em 2em 1em;}.elementor-493 .elementor-element.elementor-element-edbd8e1{--padding-top:35px;--padding-bottom:35px;--padding-left:35px;--padding-right:35px;}.elementor-493 .elementor-element.elementor-element-34dfb02{text-align:start;width:var( --container-widget-width, 318px );max-width:318px;--container-widget-width:318px;--container-widget-flex-grow:0;}.elementor-493 .elementor-element.elementor-element-34dfb02 .elementor-heading-title{font-size:31px;}.elementor-493 .elementor-element.elementor-element-a1bc3d8 .elementor-heading-title{font-size:31px;}.elementor-493 .elementor-element.elementor-element-d6b81df{--padding-top:20px;--padding-bottom:20px;--padding-left:20px;--padding-right:20px;}.elementor-493 .elementor-element.elementor-element-2d2cf1f .elementor-heading-title{font-size:31px;}}@media(min-width:1025px){.elementor-493 .elementor-element.elementor-element-8d711d1:not(.elementor-motion-effects-element-type-background), .elementor-493 .elementor-element.elementor-element-8d711d1 > .elementor-motion-effects-container > .elementor-motion-effects-layer{background-attachment:fixed;}}<\/style>\t\t<div data-elementor-type=\"wp-page\" data-elementor-id=\"493\" class=\"elementor elementor-493\" data-elementor-post-type=\"page\">\n\t\t\t\t<div class=\"elementor-element elementor-element-8d711d1 e-con-full e-flex elementor-invisible e-con e-parent\" data-id=\"8d711d1\" data-element_type=\"container\" data-e-type=\"container\" data-settings=\"{&quot;background_background&quot;:&quot;classic&quot;,&quot;animation&quot;:&quot;fadeIn&quot;}\">\n\t\t\t\t<div class=\"elementor-element elementor-element-d973326 elementor-widget elementor-widget-heading\" data-id=\"d973326\" data-element_type=\"widget\" data-e-type=\"widget\" data-widget_type=\"heading.default\">\n\t\t\t\t<div class=\"elementor-widget-container\">\n\t\t\t\t\t<h2 class=\"elementor-heading-title elementor-size-default\">A AG\u00caNCIA<\/h2>\t\t\t\t<\/div>\n\t\t\t\t<\/div>\n\t\t\t\t<\/div>\n\t\t<div class=\"elementor-element elementor-element-0348967 e-flex e-con-boxed e-con e-parent\" data-id=\"0348967\" data-element_type=\"container\" data-e-type=\"container\">\n\t\t\t\t\t<div class=\"e-con-inner\">\n\t\t\t\t<div class=\"elementor-element elementor-element-96ed2b9 elementor-widget elementor-widget-spacer\" data-id=\"96ed2b9\" data-element_type=\"widget\" data-e-type=\"widget\" data-widget_type=\"spacer.default\">\n\t\t\t\t<div class=\"elementor-widget-container\">\n\t\t\t\t\t\t\t<div class=\"elementor-spacer\">\n\t\t\t<div class=\"elementor-spacer-inner\"><\/div>\n\t\t<\/div>\n\t\t\t\t\t\t<\/div>\n\t\t\t\t<\/div>\n\t\t\t\t\t<\/div>\n\t\t\t\t<\/div>\n\t\t<div class=\"elementor-element elementor-element-e029caf e-con-full e-flex elementor-invisible e-con e-parent\" data-id=\"e029caf\" data-element_type=\"container\" data-e-type=\"container\" data-settings=\"{&quot;animation&quot;:&quot;swing&quot;}\">\n\t\t<div class=\"elementor-element elementor-element-edbd8e1 e-flex e-con-boxed e-con e-child\" data-id=\"edbd8e1\" data-element_type=\"container\" data-e-type=\"container\" data-settings=\"{&quot;background_background&quot;:&quot;classic&quot;}\">\n\t\t\t\t\t<div class=\"e-con-inner\">\n\t\t\t\t<div class=\"elementor-element elementor-element-34dfb02 elementor-widget-mobile__width-initial elementor-widget elementor-widget-heading\" data-id=\"34dfb02\" data-element_type=\"widget\" data-e-type=\"widget\" data-widget_type=\"heading.default\">\n\t\t\t\t<div class=\"elementor-widget-container\">\n\t\t\t\t\t<h2 class=\"elementor-heading-title elementor-size-default\">COMUNICA\u00c7\u00c3O EM TODAS AS <font color=\"#AA3CB8\">DIRE\u00c7\u00d5ES<\/font>\n<\/h2>\t\t\t\t<\/div>\n\t\t\t\t<\/div>\n\t\t\t\t<div class=\"elementor-element elementor-element-3839e82 elementor-widget elementor-widget-text-editor\" data-id=\"3839e82\" data-element_type=\"widget\" data-e-type=\"widget\" data-widget_type=\"text-editor.default\">\n\t\t\t\t<div class=\"elementor-widget-container\">\n\t\t\t\t\t\t\t\t\t<p>Uma Ag\u00eancia hotshop; ag\u00eancia full service; escrit\u00f3rio criativo; assessoria de comunica\u00e7\u00e3o; consultoria e treinamentos; gest\u00e3o de redes, tr\u00e1fego, e muito mais!<br \/><br \/>Sua marca, seu p\u00fablico, nossa meta!<br \/><br \/>Pessoas movem o mundo, e a 282 \u00e9 sobre pessoas!<br \/><br \/><\/p>\t\t\t\t\t\t\t\t<\/div>\n\t\t\t\t<\/div>\n\t\t\t\t\t<\/div>\n\t\t\t\t<\/div>\n\t\t\t\t<\/div>\n\t\t<div class=\"elementor-element elementor-element-ee9caa8 e-flex e-con-boxed e-con e-parent\" data-id=\"ee9caa8\" data-element_type=\"container\" data-e-type=\"container\">\n\t\t\t\t\t<div class=\"e-con-inner\">\n\t\t\t\t<div class=\"elementor-element elementor-element-a0a15dc elementor-widget elementor-widget-spacer\" data-id=\"a0a15dc\" data-element_type=\"widget\" data-e-type=\"widget\" data-widget_type=\"spacer.default\">\n\t\t\t\t<div class=\"elementor-widget-container\">\n\t\t\t\t\t\t\t<div class=\"elementor-spacer\">\n\t\t\t<div class=\"elementor-spacer-inner\"><\/div>\n\t\t<\/div>\n\t\t\t\t\t\t<\/div>\n\t\t\t\t<\/div>\n\t\t\t\t\t<\/div>\n\t\t\t\t<\/div>\n\t\t<div class=\"elementor-element elementor-element-caa60b2 e-con-full e-flex elementor-invisible e-con e-parent\" data-id=\"caa60b2\" data-element_type=\"container\" data-e-type=\"container\" data-settings=\"{&quot;animation&quot;:&quot;zoomIn&quot;}\">\n\t\t<div class=\"elementor-element elementor-element-e2d7d49 e-con-full e-flex e-con e-child\" data-id=\"e2d7d49\" data-element_type=\"container\" data-e-type=\"container\" data-settings=\"{&quot;background_background&quot;:&quot;classic&quot;}\">\n\t\t\t\t<div class=\"elementor-element elementor-element-a1bc3d8 elementor-widget elementor-widget-heading\" data-id=\"a1bc3d8\" data-element_type=\"widget\" data-e-type=\"widget\" data-widget_type=\"heading.default\">\n\t\t\t\t<div class=\"elementor-widget-container\">\n\t\t\t\t\t<h2 class=\"elementor-heading-title elementor-size-default\">Nossa hist\u00f3ria <\/h2>\t\t\t\t<\/div>\n\t\t\t\t<\/div>\n\t\t\t\t<\/div>\n\t\t<div class=\"elementor-element elementor-element-d6b81df e-con-full e-flex e-con e-child\" data-id=\"d6b81df\" data-element_type=\"container\" data-e-type=\"container\" data-settings=\"{&quot;background_background&quot;:&quot;classic&quot;}\">\n\t\t\t\t<div class=\"elementor-element elementor-element-7f97193 elementor-widget elementor-widget-text-editor\" data-id=\"7f97193\" data-element_type=\"widget\" data-e-type=\"widget\" data-widget_type=\"text-editor.default\">\n\t\t\t\t<div class=\"elementor-widget-container\">\n\t\t\t\t\t\t\t\t\t<p>A empresa foi fundada em 2015, fruto da experi\u00eancia profissional do publicit\u00e1rio Raphael Garcia, motivada pelo desejo do fundador de empreender, promovendo a notoriedade de neg\u00f3cios atrav\u00e9s da melhor apresenta\u00e7\u00e3o de seus produtos e marcas. Entre 2015 e 2022, atuou como o nome \u201cAlika Propaganda\u201d.<br \/>Em 2022, atendendo as necessidades do mercado e percebendo as mudan\u00e7as no perfil de consumidor ap\u00f3s a pandemia do covid-19, a empresa ampliou suas atividades , com o prop\u00f3sito de promover comunica\u00e7\u00e3o assertiva, fortalecendo marcas atrav\u00e9s da satisfa\u00e7\u00e3o do desejo do consumidor, assumindo uma nova identidade visual, deixando de ser Alika Propaganda e se tornando 282 Comunica\u00e7\u00e3o Integrada.<\/p>\t\t\t\t\t\t\t\t<\/div>\n\t\t\t\t<\/div>\n\t\t\t\t<\/div>\n\t\t\t\t<\/div>\n\t\t<div class=\"elementor-element elementor-element-54d3547 e-flex e-con-boxed e-con e-parent\" data-id=\"54d3547\" data-element_type=\"container\" data-e-type=\"container\">\n\t\t\t\t\t<div class=\"e-con-inner\">\n\t\t\t\t<div class=\"elementor-element elementor-element-c6945fe elementor-widget elementor-widget-spacer\" data-id=\"c6945fe\" data-element_type=\"widget\" data-e-type=\"widget\" data-widget_type=\"spacer.default\">\n\t\t\t\t<div class=\"elementor-widget-container\">\n\t\t\t\t\t\t\t<div class=\"elementor-spacer\">\n\t\t\t<div class=\"elementor-spacer-inner\"><\/div>\n\t\t<\/div>\n\t\t\t\t\t\t<\/div>\n\t\t\t\t<\/div>\n\t\t\t\t\t<\/div>\n\t\t\t\t<\/div>\n\t\t<div class=\"elementor-element elementor-element-6bf3191 e-flex e-con-boxed e-con e-parent\" data-id=\"6bf3191\" data-element_type=\"container\" data-e-type=\"container\" data-settings=\"{&quot;background_background&quot;:&quot;classic&quot;}\">\n\t\t\t\t\t<div class=\"e-con-inner\">\n\t\t<div class=\"elementor-element elementor-element-840ada5 e-con-full e-flex e-con e-child\" data-id=\"840ada5\" data-element_type=\"container\" data-e-type=\"container\">\n\t\t\t\t<div class=\"elementor-element elementor-element-2d2cf1f elementor-widget elementor-widget-heading\" data-id=\"2d2cf1f\" data-element_type=\"widget\" data-e-type=\"widget\" data-widget_type=\"heading.default\">\n\t\t\t\t<div class=\"elementor-widget-container\">\n\t\t\t\t\t<h2 class=\"elementor-heading-title elementor-size-default\">SOMOS UM <font color=\"#AA3CB8\">hub<\/font><\/h2>\t\t\t\t<\/div>\n\t\t\t\t<\/div>\n\t\t\t\t<div class=\"elementor-element elementor-element-e4b92f5 elementor-widget elementor-widget-text-editor\" data-id=\"e4b92f5\" data-element_type=\"widget\" data-e-type=\"widget\" data-widget_type=\"text-editor.default\">\n\t\t\t\t<div class=\"elementor-widget-container\">\n\t\t\t\t\t\t\t\t\t<p>Nosso Ecossistema \u00e9 formado por um grupo de parceiros que est\u00e1 pronto para atender as demandas da sua empresa.<\/p><p>Nosso espa\u00e7o \u00e9 projetado para reunir empresas e startups que trabalham com neg\u00f3cios criativos, envolvendo inova\u00e7\u00e3o, sustentabilidade, cria\u00e7\u00e3o de conte\u00fado, audiovisual, eventos e outros\u00a0servi\u00e7os.<\/p>\t\t\t\t\t\t\t\t<\/div>\n\t\t\t\t<\/div>\n\t\t\t\t<\/div>\n\t\t\t\t\t<\/div>\n\t\t\t\t<\/div>\n\t\t\t\t<\/div>\n\t\t","protected":false},"excerpt":{"rendered":"<p>A AG\u00caNCIA COMUNICA\u00c7\u00c3O EM TODAS AS DIRE\u00c7\u00d5ES Uma Ag\u00eancia hotshop; ag\u00eancia full service; escrit\u00f3rio criativo; assessoria de comunica\u00e7\u00e3o; consultoria e treinamentos; gest\u00e3o de redes, tr\u00e1fego, e muito mais! Sua marca, seu p\u00fablico, nossa meta! Pessoas movem o mundo, e a 282 \u00e9 sobre pessoas! Nossa hist\u00f3ria A empresa foi fundada em 2015, fruto da experi\u00eancia [&hellip;]<\/p>\n","protected":false},"author":1,"featured_media":0,"parent":0,"menu_order":0,"comment_status":"closed","ping_status":"closed","template":"elementor_header_footer","meta":{"footnotes":""},"class_list":["post-493","page","type-page","status-publish","hentry"],"_links":{"self":[{"href":"https:\/\/282comunicacao.com.br\/index.php\/wp-json\/wp\/v2\/pages\/493","targetHints":{"allow":["GET"]}}],"collection":[{"href":"https:\/\/282comunicacao.com.br\/index.php\/wp-json\/wp\/v2\/pages"}],"about":[{"href":"https:\/\/282comunicacao.com.br\/index.php\/wp-json\/wp\/v2\/types\/page"}],"author":[{"embeddable":true,"href":"https:\/\/282comunicacao.com.br\/index.php\/wp-json\/wp\/v2\/users\/1"}],"replies":[{"embeddable":true,"href":"https:\/\/282comunicacao.com.br\/index.php\/wp-json\/wp\/v2\/comments?post=493"}],"version-history":[{"count":91,"href":"https:\/\/282comunicacao.com.br\/index.php\/wp-json\/wp\/v2\/pages\/493\/revisions"}],"predecessor-version":[{"id":1021,"href":"https:\/\/282comunicacao.com.br\/index.php\/wp-json\/wp\/v2\/pages\/493\/revisions\/1021"}],"wp:attachment":[{"href":"https:\/\/282comunicacao.com.br\/index.php\/wp-json\/wp\/v2\/media?parent=493"}],"curies":[{"name":"wp","href":"https:\/\/api.w.org\/{rel}","templated":true}]}}